{"id":896,"date":"2021-05-09T12:31:27","date_gmt":"2021-05-09T10:31:27","guid":{"rendered":"https:\/\/maisonduveloancelle.fr\/?page_id=896"},"modified":"2025-04-15T09:22:14","modified_gmt":"2025-04-15T07:22:14","slug":"politique-de-confidentialite-2","status":"publish","type":"page","link":"https:\/\/lamaisonduveloancelle.fr\/?page_id=896","title":{"rendered":"Politique de confidentialit\u00e9"},"content":{"rendered":"\n<h3 class=\"wp-block-heading\" id=\"introduction\">Introduction<\/h3>\n\n\n\n<p>Dans le cadre de son activit\u00e9, la soci\u00e9t\u00e9 La Maison du V\u00e9lo Ancelle, dont le si\u00e8ge social est situ\u00e9 180 rue David Meyer 05500 Saint Laurent du Cros, est amen\u00e9e \u00e0 collecter et \u00e0 traiter des informations dont certaines sont qualifi\u00e9es de \u00ab\u00a0donn\u00e9es personnelles\u00a0\u00bb. La Maison du V\u00e9lo Ancelle attache une grande importance au respect de la vie priv\u00e9e, et n\u2019utilise que des donn\u00e9es de mani\u00e8re responsable et confidentielle et dans une finalit\u00e9 pr\u00e9cise.<\/p>\n\n\n\n<h3 class=\"wp-block-heading\" id=\"donn-es-personnelles\">Donn\u00e9es personnelles<\/h3>\n\n\n\n<p>Sur le site web <a href=\"https:\/\/maisonduveloancelle.fr\/\">https:\/\/lamaisonduveloancelle.fr\/<\/a>, il y a 2 types de donn\u00e9es susceptibles d\u2019\u00eatre recueillies :<\/p>\n\n\n\n<ul class=\"wp-block-list\">\n<li><strong>Les donn\u00e9es transmises directement<\/strong><br>Ces donn\u00e9es sont celles que vous nous transmettez directement, via un formulaire de contact ou bien par contact direct par email. Sont obligatoires dans le formulaire de contact le champs \u00ab pr\u00e9nom et nom \u00bb, \u00ab entreprise ou organisation \u00bb et \u00ab email \u00bb.<\/li>\n\n\n\n<li><strong>Les donn\u00e9es collect\u00e9es automatiquement<\/strong><br>Lors de vos visites, une fois votre consentement donn\u00e9, nous pouvons recueillir des informations de type \u00ab web analytics \u00bb relatives \u00e0 votre navigation, la dur\u00e9e de votre consultation, votre adresse IP, votre type et version de navigateur. La technologie utilis\u00e9e est le cookie.<\/li>\n<\/ul>\n\n\n\n<h3 class=\"wp-block-heading\" id=\"utilisation-des-donn-es\">Utilisation des donn\u00e9es<\/h3>\n\n\n\n<p>Les donn\u00e9es que vous nous transmettez directement sont utilis\u00e9es dans le but de vous re-contacter et\/ou dans le cadre de la demande que vous nous faites. Les donn\u00e9es \u00ab web analytics \u00bb sont collect\u00e9es de forme anonyme (en enregistrant des adresses IP anonymes) par Google Analytics, et nous permettent de mesurer l&rsquo;audience de notre site web, les consultations et les \u00e9ventuelles erreurs afin d\u2019am\u00e9liorer constamment l\u2019exp\u00e9rience des utilisateurs. Ces donn\u00e9es sont utilis\u00e9es par La Maison du V\u00e9lo Ancelle, responsable du traitement des donn\u00e9es, et ne seront jamais c\u00e9d\u00e9es \u00e0 un tiers ni utilis\u00e9es \u00e0 d\u2019autres fins que celles d\u00e9taill\u00e9es ci-dessus.<\/p>\n\n\n\n<h3 class=\"wp-block-heading\" id=\"base-l-gale\">Base l\u00e9gale<\/h3>\n\n\n\n<p>Les donn\u00e9es personnelles ne sont collect\u00e9es qu\u2019apr\u00e8s consentement obligatoire de l\u2019utilisateur. Ce consentement est valablement recueilli (boutons et cases \u00e0 cocher), libre, clair et sans \u00e9quivoque.<\/p>\n\n\n\n<h3 class=\"wp-block-heading\" id=\"dur-e-de-conservation\">Dur\u00e9e de conservation<\/h3>\n\n\n\n<p>Les donn\u00e9es seront sauvegard\u00e9es durant une dur\u00e9e maximale de 3 ans.<\/p>\n\n\n\n<h3 class=\"wp-block-heading\" id=\"cookies\">Cookies<\/h3>\n\n\n\n<p>Voici la liste des cookies utilis\u00e9es et leur objectif :<\/p>\n\n\n\n<ul class=\"wp-block-list\">\n<li>Cookies Google Analytics (<a href=\"https:\/\/developers.google.com\/analytics\/devguides\/collection\/analyticsjs\/cookie-usage\">liste exhaustive<\/a>) : Web analytics<\/li>\n\n\n\n<li>Monsterinsight : Permet de garder en m\u00e9moire le fait que vous acceptez les cookies afin de ne plus vous importuner lors de votre prochaine visite.<\/li>\n<\/ul>\n\n\n\n<h3 class=\"wp-block-heading\" id=\"vos-droits-concernant-les-donn-es-personnelles\">Vos droits concernant les donn\u00e9es personnelles<\/h3>\n\n\n\n<p>Vous avez le droit de consultation, demande de modification ou d\u2019effacement sur l\u2019ensemble de vos donn\u00e9es personnelles. Vous pouvez \u00e9galement retirer votre consentement au traitement de vos donn\u00e9es.<\/p>\n\n\n\n<h3 class=\"wp-block-heading\" id=\"contact-d-l-gu-la-protection-des-donn-es\">Contact d\u00e9l\u00e9gu\u00e9 \u00e0 la protection des donn\u00e9es<\/h3>\n\n\n\n<p>Guillaume Boinet &#8211; info@lamaisonduveloancelle.fr<\/p>\n\n\n\n<p><\/p>\n","protected":false},"excerpt":{"rendered":"<p>Introduction Dans le cadre de son activit\u00e9, la soci\u00e9t\u00e9 La Maison du V\u00e9lo Ancelle, dont le si\u00e8ge social est situ\u00e9 180 rue David Meyer 05500 Saint Laurent du Cros, est amen\u00e9e \u00e0 collecter et \u00e0 traiter des informations dont certaines sont qualifi\u00e9es de \u00ab\u00a0donn\u00e9es personnelles\u00a0\u00bb. La Maison du V\u00e9lo Ancelle attache une grande importance au &hellip; <\/p>\n","protected":false},"author":1,"featured_media":0,"parent":0,"menu_order":0,"comment_status":"closed","ping_status":"closed","template":"","meta":{"_monsterinsights_skip_tracking":false,"_monsterinsights_sitenote_active":false,"_monsterinsights_sitenote_note":"","_monsterinsights_sitenote_category":0,"_uf_show_specific_survey":0,"_uf_disable_surveys":false,"footnotes":""},"class_list":["post-896","page","type-page","status-publish","hentry"],"yoast_head":"<!-- This site is optimized with the Yoast SEO plugin v26.8 - https:\/\/yoast.com\/product\/yoast-seo-wordpress\/ -->\n<title>Politique de confidentialit\u00e9 - La Maison du V\u00e9lo Ancelle<\/title>\n<meta name=\"robots\" content=\"index, follow, max-snippet:-1, max-image-preview:large, max-video-preview:-1\" \/>\n<link rel=\"canonical\" href=\"https:\/\/lamaisonduveloancelle.fr\/?page_id=896\" \/>\n<meta property=\"og:locale\" content=\"fr_FR\" \/>\n<meta property=\"og:type\" content=\"article\" \/>\n<meta property=\"og:title\" content=\"Politique de confidentialit\u00e9 - La Maison du V\u00e9lo Ancelle\" \/>\n<meta property=\"og:description\" content=\"Introduction Dans le cadre de son activit\u00e9, la soci\u00e9t\u00e9 La Maison du V\u00e9lo Ancelle, dont le si\u00e8ge social est situ\u00e9 180 rue David Meyer 05500 Saint Laurent du Cros, est amen\u00e9e \u00e0 collecter et \u00e0 traiter des informations dont certaines sont qualifi\u00e9es de \u00ab\u00a0donn\u00e9es personnelles\u00a0\u00bb. La Maison du V\u00e9lo Ancelle attache une grande importance au &hellip;\" \/>\n<meta property=\"og:url\" content=\"https:\/\/lamaisonduveloancelle.fr\/?page_id=896\" \/>\n<meta property=\"og:site_name\" content=\"La Maison du V\u00e9lo Ancelle\" \/>\n<meta property=\"article:publisher\" content=\"https:\/\/www.facebook.com\/lamaisonduveloancelle\" \/>\n<meta property=\"article:modified_time\" content=\"2025-04-15T07:22:14+00:00\" \/>\n<meta name=\"twitter:card\" content=\"summary_large_image\" \/>\n<meta name=\"twitter:label1\" content=\"Dur\u00e9e de lecture estim\u00e9e\" \/>\n\t<meta name=\"twitter:data1\" content=\"2 minutes\" \/>\n<script type=\"application\/ld+json\" class=\"yoast-schema-graph\">{\"@context\":\"https:\/\/schema.org\",\"@graph\":[{\"@type\":\"WebPage\",\"@id\":\"https:\/\/lamaisonduveloancelle.fr\/?page_id=896\",\"url\":\"https:\/\/lamaisonduveloancelle.fr\/?page_id=896\",\"name\":\"Politique de confidentialit\u00e9 - La Maison du V\u00e9lo Ancelle\",\"isPartOf\":{\"@id\":\"https:\/\/lamaisonduveloancelle.fr\/#website\"},\"datePublished\":\"2021-05-09T10:31:27+00:00\",\"dateModified\":\"2025-04-15T07:22:14+00:00\",\"breadcrumb\":{\"@id\":\"https:\/\/lamaisonduveloancelle.fr\/?page_id=896#breadcrumb\"},\"inLanguage\":\"fr-FR\",\"potentialAction\":[{\"@type\":\"ReadAction\",\"target\":[\"https:\/\/lamaisonduveloancelle.fr\/?page_id=896\"]}]},{\"@type\":\"BreadcrumbList\",\"@id\":\"https:\/\/lamaisonduveloancelle.fr\/?page_id=896#breadcrumb\",\"itemListElement\":[{\"@type\":\"ListItem\",\"position\":1,\"name\":\"Accueil\",\"item\":\"https:\/\/lamaisonduveloancelle.fr\/\"},{\"@type\":\"ListItem\",\"position\":2,\"name\":\"Politique de confidentialit\u00e9\"}]},{\"@type\":\"WebSite\",\"@id\":\"https:\/\/lamaisonduveloancelle.fr\/#website\",\"url\":\"https:\/\/lamaisonduveloancelle.fr\/\",\"name\":\"Maison du V\u00e9lo Ancelle\",\"description\":\"Votre prochaine aventure \u00e0 v\u00e9lo \u00e0 Ancelle et dans le Champsaur commence ici\",\"publisher\":{\"@id\":\"https:\/\/lamaisonduveloancelle.fr\/#organization\"},\"potentialAction\":[{\"@type\":\"SearchAction\",\"target\":{\"@type\":\"EntryPoint\",\"urlTemplate\":\"https:\/\/lamaisonduveloancelle.fr\/?s={search_term_string}\"},\"query-input\":{\"@type\":\"PropertyValueSpecification\",\"valueRequired\":true,\"valueName\":\"search_term_string\"}}],\"inLanguage\":\"fr-FR\"},{\"@type\":\"Organization\",\"@id\":\"https:\/\/lamaisonduveloancelle.fr\/#organization\",\"name\":\"SARL La Maison du V\u00e9lo Ancelle\",\"url\":\"https:\/\/lamaisonduveloancelle.fr\/\",\"logo\":{\"@type\":\"ImageObject\",\"inLanguage\":\"fr-FR\",\"@id\":\"https:\/\/lamaisonduveloancelle.fr\/#\/schema\/logo\/image\/\",\"url\":\"https:\/\/lamaisonduveloancelle.fr\/wp-content\/uploads\/2021\/05\/cropped-Logo-150x150-1.png\",\"contentUrl\":\"https:\/\/lamaisonduveloancelle.fr\/wp-content\/uploads\/2021\/05\/cropped-Logo-150x150-1.png\",\"width\":157,\"height\":74,\"caption\":\"SARL La Maison du V\u00e9lo Ancelle\"},\"image\":{\"@id\":\"https:\/\/lamaisonduveloancelle.fr\/#\/schema\/logo\/image\/\"},\"sameAs\":[\"https:\/\/www.facebook.com\/lamaisonduveloancelle\",\"https:\/\/www.instagram.com\/lamaisonduveloancelle\/?hl=fr\",\"https:\/\/www.youtube.com\/channel\/UCH9oQZic0FxCaiKpNzt1Xvg\"]}]}<\/script>\n<!-- \/ Yoast SEO plugin. -->","yoast_head_json":{"title":"Politique de confidentialit\u00e9 - La Maison du V\u00e9lo Ancelle","robots":{"index":"index","follow":"follow","max-snippet":"max-snippet:-1","max-image-preview":"max-image-preview:large","max-video-preview":"max-video-preview:-1"},"canonical":"https:\/\/lamaisonduveloancelle.fr\/?page_id=896","og_locale":"fr_FR","og_type":"article","og_title":"Politique de confidentialit\u00e9 - La Maison du V\u00e9lo Ancelle","og_description":"Introduction Dans le cadre de son activit\u00e9, la soci\u00e9t\u00e9 La Maison du V\u00e9lo Ancelle, dont le si\u00e8ge social est situ\u00e9 180 rue David Meyer 05500 Saint Laurent du Cros, est amen\u00e9e \u00e0 collecter et \u00e0 traiter des informations dont certaines sont qualifi\u00e9es de \u00ab\u00a0donn\u00e9es personnelles\u00a0\u00bb. La Maison du V\u00e9lo Ancelle attache une grande importance au &hellip;","og_url":"https:\/\/lamaisonduveloancelle.fr\/?page_id=896","og_site_name":"La Maison du V\u00e9lo Ancelle","article_publisher":"https:\/\/www.facebook.com\/lamaisonduveloancelle","article_modified_time":"2025-04-15T07:22:14+00:00","twitter_card":"summary_large_image","twitter_misc":{"Dur\u00e9e de lecture estim\u00e9e":"2 minutes"},"schema":{"@context":"https:\/\/schema.org","@graph":[{"@type":"WebPage","@id":"https:\/\/lamaisonduveloancelle.fr\/?page_id=896","url":"https:\/\/lamaisonduveloancelle.fr\/?page_id=896","name":"Politique de confidentialit\u00e9 - La Maison du V\u00e9lo Ancelle","isPartOf":{"@id":"https:\/\/lamaisonduveloancelle.fr\/#website"},"datePublished":"2021-05-09T10:31:27+00:00","dateModified":"2025-04-15T07:22:14+00:00","breadcrumb":{"@id":"https:\/\/lamaisonduveloancelle.fr\/?page_id=896#breadcrumb"},"inLanguage":"fr-FR","potentialAction":[{"@type":"ReadAction","target":["https:\/\/lamaisonduveloancelle.fr\/?page_id=896"]}]},{"@type":"BreadcrumbList","@id":"https:\/\/lamaisonduveloancelle.fr\/?page_id=896#breadcrumb","itemListElement":[{"@type":"ListItem","position":1,"name":"Accueil","item":"https:\/\/lamaisonduveloancelle.fr\/"},{"@type":"ListItem","position":2,"name":"Politique de confidentialit\u00e9"}]},{"@type":"WebSite","@id":"https:\/\/lamaisonduveloancelle.fr\/#website","url":"https:\/\/lamaisonduveloancelle.fr\/","name":"Maison du V\u00e9lo Ancelle","description":"Votre prochaine aventure \u00e0 v\u00e9lo \u00e0 Ancelle et dans le Champsaur commence ici","publisher":{"@id":"https:\/\/lamaisonduveloancelle.fr\/#organization"},"potentialAction":[{"@type":"SearchAction","target":{"@type":"EntryPoint","urlTemplate":"https:\/\/lamaisonduveloancelle.fr\/?s={search_term_string}"},"query-input":{"@type":"PropertyValueSpecification","valueRequired":true,"valueName":"search_term_string"}}],"inLanguage":"fr-FR"},{"@type":"Organization","@id":"https:\/\/lamaisonduveloancelle.fr\/#organization","name":"SARL La Maison du V\u00e9lo Ancelle","url":"https:\/\/lamaisonduveloancelle.fr\/","logo":{"@type":"ImageObject","inLanguage":"fr-FR","@id":"https:\/\/lamaisonduveloancelle.fr\/#\/schema\/logo\/image\/","url":"https:\/\/lamaisonduveloancelle.fr\/wp-content\/uploads\/2021\/05\/cropped-Logo-150x150-1.png","contentUrl":"https:\/\/lamaisonduveloancelle.fr\/wp-content\/uploads\/2021\/05\/cropped-Logo-150x150-1.png","width":157,"height":74,"caption":"SARL La Maison du V\u00e9lo Ancelle"},"image":{"@id":"https:\/\/lamaisonduveloancelle.fr\/#\/schema\/logo\/image\/"},"sameAs":["https:\/\/www.facebook.com\/lamaisonduveloancelle","https:\/\/www.instagram.com\/lamaisonduveloancelle\/?hl=fr","https:\/\/www.youtube.com\/channel\/UCH9oQZic0FxCaiKpNzt1Xvg"]}]}},"_links":{"self":[{"href":"https:\/\/lamaisonduveloancelle.fr\/index.php?rest_route=\/wp\/v2\/pages\/896","targetHints":{"allow":["GET"]}}],"collection":[{"href":"https:\/\/lamaisonduveloancelle.fr\/index.php?rest_route=\/wp\/v2\/pages"}],"about":[{"href":"https:\/\/lamaisonduveloancelle.fr\/index.php?rest_route=\/wp\/v2\/types\/page"}],"author":[{"embeddable":true,"href":"https:\/\/lamaisonduveloancelle.fr\/index.php?rest_route=\/wp\/v2\/users\/1"}],"replies":[{"embeddable":true,"href":"https:\/\/lamaisonduveloancelle.fr\/index.php?rest_route=%2Fwp%2Fv2%2Fcomments&post=896"}],"version-history":[{"count":2,"href":"https:\/\/lamaisonduveloancelle.fr\/index.php?rest_route=\/wp\/v2\/pages\/896\/revisions"}],"predecessor-version":[{"id":2029,"href":"https:\/\/lamaisonduveloancelle.fr\/index.php?rest_route=\/wp\/v2\/pages\/896\/revisions\/2029"}],"wp:attachment":[{"href":"https:\/\/lamaisonduveloancelle.fr\/index.php?rest_route=%2Fwp%2Fv2%2Fmedia&parent=896"}],"curies":[{"name":"wp","href":"https:\/\/api.w.org\/{rel}","templated":true}]}}