{"id":64,"date":"2020-12-17T15:51:40","date_gmt":"2020-12-17T14:51:40","guid":{"rendered":"http:\/\/maisonduveloancelle.fr\/?page_id=64"},"modified":"2023-03-16T14:09:44","modified_gmt":"2023-03-16T13:09:44","slug":"contact","status":"publish","type":"page","link":"https:\/\/lamaisonduveloancelle.fr\/?page_id=64","title":{"rendered":"L&rsquo;\u00e9quipe"},"content":{"rendered":"\t\t<div data-elementor-type=\"wp-page\" data-elementor-id=\"64\" class=\"elementor elementor-64\">\n\t\t\t\t\t\t<section class=\"elementor-section elementor-top-section elementor-element elementor-element-006ec9d elementor-section-stretched elementor-section-boxed elementor-section-height-default elementor-section-height-default\" data-id=\"006ec9d\" data-element_type=\"section\" data-settings=\"{&quot;stretch_section&quot;:&quot;section-stretched&quot;}\">\n\t\t\t\t\t\t<div class=\"elementor-container elementor-column-gap-default\">\n\t\t\t\t\t<div class=\"elementor-column elementor-col-100 elementor-top-column elementor-element elementor-element-426d1de\" data-id=\"426d1de\" data-element_type=\"column\">\n\t\t\t<div class=\"elementor-widget-wrap elementor-element-populated\">\n\t\t\t\t\t\t<div class=\"elementor-element elementor-element-cfad6f1 elementor-widget elementor-widget-text-editor\" data-id=\"cfad6f1\" data-element_type=\"widget\" data-widget_type=\"text-editor.default\">\n\t\t\t\t<div class=\"elementor-widget-container\">\n\t\t\t\t\t\t\t\t\t<p style=\"text-align: center;\">Romain et Guillaume, deux passionn\u00e9s de v\u00e9los, vous attendent \u00e0 la Maison du V\u00e9lo d&rsquo;Ancelle.<\/p>\t\t\t\t\t\t\t\t<\/div>\n\t\t\t\t<\/div>\n\t\t\t\t\t<\/div>\n\t\t<\/div>\n\t\t\t\t\t<\/div>\n\t\t<\/section>\n\t\t\t\t<section class=\"elementor-section elementor-top-section elementor-element elementor-element-157bc85 elementor-section-stretched animated-slow elementor-section-boxed elementor-section-height-default elementor-section-height-default elementor-invisible\" data-id=\"157bc85\" data-element_type=\"section\" data-settings=\"{&quot;stretch_section&quot;:&quot;section-stretched&quot;,&quot;animation&quot;:&quot;slideInLeft&quot;}\">\n\t\t\t\t\t\t<div class=\"elementor-container elementor-column-gap-default\">\n\t\t\t\t\t<div class=\"elementor-column elementor-col-100 elementor-top-column elementor-element elementor-element-b271e20\" data-id=\"b271e20\" data-element_type=\"column\">\n\t\t\t<div class=\"elementor-widget-wrap elementor-element-populated\">\n\t\t\t\t\t\t<section class=\"elementor-section elementor-inner-section elementor-element elementor-element-638efb8 elementor-section-boxed elementor-section-height-default elementor-section-height-default\" data-id=\"638efb8\" data-element_type=\"section\">\n\t\t\t\t\t\t<div class=\"elementor-container elementor-column-gap-default\">\n\t\t\t\t\t<div class=\"elementor-column elementor-col-50 elementor-inner-column elementor-element elementor-element-92d6608\" data-id=\"92d6608\" data-element_type=\"column\">\n\t\t\t<div class=\"elementor-widget-wrap elementor-element-populated\">\n\t\t\t\t\t\t<div class=\"elementor-element elementor-element-37487c4 elementor-widget elementor-widget-heading\" data-id=\"37487c4\" data-element_type=\"widget\" data-widget_type=\"heading.default\">\n\t\t\t\t<div class=\"elementor-widget-container\">\n\t\t\t\t\t<h3 class=\"elementor-heading-title elementor-size-default\">Romain FRISON<\/h3>\t\t\t\t<\/div>\n\t\t\t\t<\/div>\n\t\t\t\t<div class=\"elementor-element elementor-element-f8d47ed elementor-widget elementor-widget-text-editor\" data-id=\"f8d47ed\" data-element_type=\"widget\" data-widget_type=\"text-editor.default\">\n\t\t\t\t<div class=\"elementor-widget-container\">\n\t\t\t\t\t\t\t\t\t<p>\u00ab\u00a0Passionn\u00e9 de VTT depuis une quinzaine d&rsquo;ann\u00e9es, je suis devenu moniteur en 2015. Pratiquant tous les types de v\u00e9los, j&rsquo;ai \u00e9galement \u00e9volu\u00e9 en comp\u00e9titions de cross-country et d&rsquo;enduro. Apr\u00e8s quelques ann\u00e9es en Haute-Savoie, je suis tomb\u00e9 amoureux de la vall\u00e9e du Champsaur et de ces montagnes o\u00f9 je me suis install\u00e9. J&rsquo;aime d\u00e9couvrir de nouveaux sentiers, explorer les montagnes et partager ma passion avec tous.\u00a0\u00bb<\/p>\t\t\t\t\t\t\t\t<\/div>\n\t\t\t\t<\/div>\n\t\t\t\t\t<\/div>\n\t\t<\/div>\n\t\t\t\t<div class=\"elementor-column elementor-col-50 elementor-inner-column elementor-element elementor-element-0291dde\" data-id=\"0291dde\" data-element_type=\"column\">\n\t\t\t<div class=\"elementor-widget-wrap elementor-element-populated\">\n\t\t\t\t\t\t<div class=\"elementor-element elementor-element-7d6371d elementor-widget elementor-widget-image\" data-id=\"7d6371d\" data-element_type=\"widget\" data-widget_type=\"image.default\">\n\t\t\t\t<div class=\"elementor-widget-container\">\n\t\t\t\t\t\t\t\t\t\t\t\t\t\t\t<img fetchpriority=\"high\" decoding=\"async\" width=\"770\" height=\"513\" src=\"https:\/\/lamaisonduveloancelle.fr\/wp-content\/uploads\/2023\/03\/Romain-1024x682.jpg\" class=\"attachment-large size-large wp-image-1511\" alt=\"\" srcset=\"https:\/\/lamaisonduveloancelle.fr\/wp-content\/uploads\/2023\/03\/Romain-1024x682.jpg 1024w, https:\/\/lamaisonduveloancelle.fr\/wp-content\/uploads\/2023\/03\/Romain-600x400.jpg 600w, https:\/\/lamaisonduveloancelle.fr\/wp-content\/uploads\/2023\/03\/Romain-300x200.jpg 300w, https:\/\/lamaisonduveloancelle.fr\/wp-content\/uploads\/2023\/03\/Romain-768x512.jpg 768w, https:\/\/lamaisonduveloancelle.fr\/wp-content\/uploads\/2023\/03\/Romain-1536x1024.jpg 1536w, https:\/\/lamaisonduveloancelle.fr\/wp-content\/uploads\/2023\/03\/Romain-2048x1365.jpg 2048w, https:\/\/lamaisonduveloancelle.fr\/wp-content\/uploads\/2023\/03\/Romain-90x60.jpg 90w\" sizes=\"(max-width: 770px) 100vw, 770px\" \/>\t\t\t\t\t\t\t\t\t\t\t\t\t\t\t<\/div>\n\t\t\t\t<\/div>\n\t\t\t\t\t<\/div>\n\t\t<\/div>\n\t\t\t\t\t<\/div>\n\t\t<\/section>\n\t\t\t\t\t<\/div>\n\t\t<\/div>\n\t\t\t\t\t<\/div>\n\t\t<\/section>\n\t\t\t\t<section class=\"elementor-section elementor-top-section elementor-element elementor-element-ed7db20 elementor-section-stretched animated-slow elementor-section-boxed elementor-section-height-default elementor-section-height-default elementor-invisible\" data-id=\"ed7db20\" data-element_type=\"section\" data-settings=\"{&quot;stretch_section&quot;:&quot;section-stretched&quot;,&quot;animation&quot;:&quot;slideInLeft&quot;}\">\n\t\t\t\t\t\t<div class=\"elementor-container elementor-column-gap-default\">\n\t\t\t\t\t<div class=\"elementor-column elementor-col-100 elementor-top-column elementor-element elementor-element-e9fd8e0\" data-id=\"e9fd8e0\" data-element_type=\"column\">\n\t\t\t<div class=\"elementor-widget-wrap elementor-element-populated\">\n\t\t\t\t\t\t<section class=\"elementor-section elementor-inner-section elementor-element elementor-element-2b39445 elementor-section-boxed elementor-section-height-default elementor-section-height-default\" data-id=\"2b39445\" data-element_type=\"section\">\n\t\t\t\t\t\t<div class=\"elementor-container elementor-column-gap-default\">\n\t\t\t\t\t<div class=\"elementor-column elementor-col-50 elementor-inner-column elementor-element elementor-element-67e0fd4\" data-id=\"67e0fd4\" data-element_type=\"column\">\n\t\t\t<div class=\"elementor-widget-wrap elementor-element-populated\">\n\t\t\t\t\t\t<div class=\"elementor-element elementor-element-49e55d5 elementor-widget elementor-widget-heading\" data-id=\"49e55d5\" data-element_type=\"widget\" data-widget_type=\"heading.default\">\n\t\t\t\t<div class=\"elementor-widget-container\">\n\t\t\t\t\t<h3 class=\"elementor-heading-title elementor-size-default\">Guillaume BOINET<\/h3>\t\t\t\t<\/div>\n\t\t\t\t<\/div>\n\t\t\t\t<div class=\"elementor-element elementor-element-5ad4ac6 elementor-widget elementor-widget-text-editor\" data-id=\"5ad4ac6\" data-element_type=\"widget\" data-widget_type=\"text-editor.default\">\n\t\t\t\t<div class=\"elementor-widget-container\">\n\t\t\t\t\t\t\t\t\t<p>\u00ab\u00a0Baign\u00e9 dans le milieu du v\u00e9lo depuis tout petit, je me suis tourn\u00e9 vers le VTT quand j&rsquo;avais 15 ans. Egalement adepte des voyages \u00e0 v\u00e9lo, j&rsquo;aime utiliser ce moyen de locomotion pour d\u00e9couvrir de nouveaux endroits. Arriv\u00e9 dans les Hautes-Alpes sur la fin de mes \u00e9tudes, je n&rsquo;ai plus voulu en repartir et j&rsquo;ai alors d\u00e9cid\u00e9 de faire de ma passion mon m\u00e9tier. Le partage, l&rsquo;apprentissage et la d\u00e9couverte du terrain de jeu qui nous entourent sont mon leitmotiv.\u00a0\u00bb<\/p>\t\t\t\t\t\t\t\t<\/div>\n\t\t\t\t<\/div>\n\t\t\t\t\t<\/div>\n\t\t<\/div>\n\t\t\t\t<div class=\"elementor-column elementor-col-50 elementor-inner-column elementor-element elementor-element-02d2f49\" data-id=\"02d2f49\" data-element_type=\"column\">\n\t\t\t<div class=\"elementor-widget-wrap elementor-element-populated\">\n\t\t\t\t\t\t<div class=\"elementor-element elementor-element-b5b70ba elementor-widget elementor-widget-image\" data-id=\"b5b70ba\" data-element_type=\"widget\" data-widget_type=\"image.default\">\n\t\t\t\t<div class=\"elementor-widget-container\">\n\t\t\t\t\t\t\t\t\t\t\t\t\t\t\t<img decoding=\"async\" width=\"770\" height=\"513\" src=\"https:\/\/lamaisonduveloancelle.fr\/wp-content\/uploads\/2023\/03\/Guillaume-1024x682.jpg\" class=\"attachment-large size-large wp-image-1513\" alt=\"\" srcset=\"https:\/\/lamaisonduveloancelle.fr\/wp-content\/uploads\/2023\/03\/Guillaume-1024x682.jpg 1024w, https:\/\/lamaisonduveloancelle.fr\/wp-content\/uploads\/2023\/03\/Guillaume-600x400.jpg 600w, https:\/\/lamaisonduveloancelle.fr\/wp-content\/uploads\/2023\/03\/Guillaume-300x200.jpg 300w, https:\/\/lamaisonduveloancelle.fr\/wp-content\/uploads\/2023\/03\/Guillaume-768x512.jpg 768w, https:\/\/lamaisonduveloancelle.fr\/wp-content\/uploads\/2023\/03\/Guillaume-1536x1024.jpg 1536w, https:\/\/lamaisonduveloancelle.fr\/wp-content\/uploads\/2023\/03\/Guillaume-2048x1365.jpg 2048w, https:\/\/lamaisonduveloancelle.fr\/wp-content\/uploads\/2023\/03\/Guillaume-90x60.jpg 90w\" sizes=\"(max-width: 770px) 100vw, 770px\" \/>\t\t\t\t\t\t\t\t\t\t\t\t\t\t\t<\/div>\n\t\t\t\t<\/div>\n\t\t\t\t\t<\/div>\n\t\t<\/div>\n\t\t\t\t\t<\/div>\n\t\t<\/section>\n\t\t\t\t\t<\/div>\n\t\t<\/div>\n\t\t\t\t\t<\/div>\n\t\t<\/section>\n\t\t\t\t<\/div>\n\t\t","protected":false},"excerpt":{"rendered":"<p>Romain et Guillaume, deux passionn\u00e9s de v\u00e9los, vous attendent \u00e0 la Maison du V\u00e9lo d&rsquo;Ancelle. Romain FRISON \u00ab\u00a0Passionn\u00e9 de VTT depuis une quinzaine d&rsquo;ann\u00e9es, je suis devenu moniteur en 2015. Pratiquant tous les types de v\u00e9los, j&rsquo;ai \u00e9galement \u00e9volu\u00e9 en comp\u00e9titions de cross-country et d&rsquo;enduro. Apr\u00e8s quelques ann\u00e9es en Haute-Savoie, je suis tomb\u00e9 amoureux de &hellip; <\/p>\n","protected":false},"author":1,"featured_media":0,"parent":0,"menu_order":0,"comment_status":"closed","ping_status":"closed","template":"elementor_theme","meta":{"_monsterinsights_skip_tracking":false,"_monsterinsights_sitenote_active":false,"_monsterinsights_sitenote_note":"","_monsterinsights_sitenote_category":0,"_uf_show_specific_survey":0,"_uf_disable_surveys":false,"footnotes":""},"class_list":["post-64","page","type-page","status-publish","hentry"],"yoast_head":"<!-- This site is optimized with the Yoast SEO plugin v26.8 - https:\/\/yoast.com\/product\/yoast-seo-wordpress\/ -->\n<title>L&#039;\u00e9quipe - La Maison du V\u00e9lo Ancelle<\/title>\n<meta name=\"robots\" content=\"index, follow, max-snippet:-1, max-image-preview:large, max-video-preview:-1\" \/>\n<link rel=\"canonical\" href=\"https:\/\/lamaisonduveloancelle.fr\/?page_id=64\" \/>\n<meta property=\"og:locale\" content=\"fr_FR\" \/>\n<meta property=\"og:type\" content=\"article\" \/>\n<meta property=\"og:title\" content=\"L&#039;\u00e9quipe - La Maison du V\u00e9lo Ancelle\" \/>\n<meta property=\"og:description\" content=\"Romain et Guillaume, deux passionn\u00e9s de v\u00e9los, vous attendent \u00e0 la Maison du V\u00e9lo d&rsquo;Ancelle. Romain FRISON \u00ab\u00a0Passionn\u00e9 de VTT depuis une quinzaine d&rsquo;ann\u00e9es, je suis devenu moniteur en 2015. Pratiquant tous les types de v\u00e9los, j&rsquo;ai \u00e9galement \u00e9volu\u00e9 en comp\u00e9titions de cross-country et d&rsquo;enduro. Apr\u00e8s quelques ann\u00e9es en Haute-Savoie, je suis tomb\u00e9 amoureux de &hellip;\" \/>\n<meta property=\"og:url\" content=\"https:\/\/lamaisonduveloancelle.fr\/?page_id=64\" \/>\n<meta property=\"og:site_name\" content=\"La Maison du V\u00e9lo Ancelle\" \/>\n<meta property=\"article:publisher\" content=\"https:\/\/www.facebook.com\/lamaisonduveloancelle\" \/>\n<meta property=\"article:modified_time\" content=\"2023-03-16T13:09:44+00:00\" \/>\n<meta property=\"og:image\" content=\"https:\/\/lamaisonduveloancelle.fr\/wp-content\/uploads\/2023\/03\/Romain-1024x682.jpg\" \/>\n<meta name=\"twitter:card\" content=\"summary_large_image\" \/>\n<meta name=\"twitter:label1\" content=\"Dur\u00e9e de lecture estim\u00e9e\" \/>\n\t<meta name=\"twitter:data1\" content=\"1 minute\" \/>\n<script type=\"application\/ld+json\" class=\"yoast-schema-graph\">{\"@context\":\"https:\/\/schema.org\",\"@graph\":[{\"@type\":\"WebPage\",\"@id\":\"https:\/\/lamaisonduveloancelle.fr\/?page_id=64\",\"url\":\"https:\/\/lamaisonduveloancelle.fr\/?page_id=64\",\"name\":\"L'\u00e9quipe - La Maison du V\u00e9lo Ancelle\",\"isPartOf\":{\"@id\":\"https:\/\/lamaisonduveloancelle.fr\/#website\"},\"primaryImageOfPage\":{\"@id\":\"https:\/\/lamaisonduveloancelle.fr\/?page_id=64#primaryimage\"},\"image\":{\"@id\":\"https:\/\/lamaisonduveloancelle.fr\/?page_id=64#primaryimage\"},\"thumbnailUrl\":\"https:\/\/lamaisonduveloancelle.fr\/wp-content\/uploads\/2023\/03\/Romain-1024x682.jpg\",\"datePublished\":\"2020-12-17T14:51:40+00:00\",\"dateModified\":\"2023-03-16T13:09:44+00:00\",\"breadcrumb\":{\"@id\":\"https:\/\/lamaisonduveloancelle.fr\/?page_id=64#breadcrumb\"},\"inLanguage\":\"fr-FR\",\"potentialAction\":[{\"@type\":\"ReadAction\",\"target\":[\"https:\/\/lamaisonduveloancelle.fr\/?page_id=64\"]}]},{\"@type\":\"ImageObject\",\"inLanguage\":\"fr-FR\",\"@id\":\"https:\/\/lamaisonduveloancelle.fr\/?page_id=64#primaryimage\",\"url\":\"https:\/\/lamaisonduveloancelle.fr\/wp-content\/uploads\/2023\/03\/Romain.jpg\",\"contentUrl\":\"https:\/\/lamaisonduveloancelle.fr\/wp-content\/uploads\/2023\/03\/Romain.jpg\",\"width\":2500,\"height\":1666},{\"@type\":\"BreadcrumbList\",\"@id\":\"https:\/\/lamaisonduveloancelle.fr\/?page_id=64#breadcrumb\",\"itemListElement\":[{\"@type\":\"ListItem\",\"position\":1,\"name\":\"Accueil\",\"item\":\"https:\/\/lamaisonduveloancelle.fr\/\"},{\"@type\":\"ListItem\",\"position\":2,\"name\":\"L&rsquo;\u00e9quipe\"}]},{\"@type\":\"WebSite\",\"@id\":\"https:\/\/lamaisonduveloancelle.fr\/#website\",\"url\":\"https:\/\/lamaisonduveloancelle.fr\/\",\"name\":\"Maison du V\u00e9lo Ancelle\",\"description\":\"Votre prochaine aventure \u00e0 v\u00e9lo \u00e0 Ancelle et dans le Champsaur commence ici\",\"publisher\":{\"@id\":\"https:\/\/lamaisonduveloancelle.fr\/#organization\"},\"potentialAction\":[{\"@type\":\"SearchAction\",\"target\":{\"@type\":\"EntryPoint\",\"urlTemplate\":\"https:\/\/lamaisonduveloancelle.fr\/?s={search_term_string}\"},\"query-input\":{\"@type\":\"PropertyValueSpecification\",\"valueRequired\":true,\"valueName\":\"search_term_string\"}}],\"inLanguage\":\"fr-FR\"},{\"@type\":\"Organization\",\"@id\":\"https:\/\/lamaisonduveloancelle.fr\/#organization\",\"name\":\"SARL La Maison du V\u00e9lo Ancelle\",\"url\":\"https:\/\/lamaisonduveloancelle.fr\/\",\"logo\":{\"@type\":\"ImageObject\",\"inLanguage\":\"fr-FR\",\"@id\":\"https:\/\/lamaisonduveloancelle.fr\/#\/schema\/logo\/image\/\",\"url\":\"https:\/\/lamaisonduveloancelle.fr\/wp-content\/uploads\/2021\/05\/cropped-Logo-150x150-1.png\",\"contentUrl\":\"https:\/\/lamaisonduveloancelle.fr\/wp-content\/uploads\/2021\/05\/cropped-Logo-150x150-1.png\",\"width\":157,\"height\":74,\"caption\":\"SARL La Maison du V\u00e9lo Ancelle\"},\"image\":{\"@id\":\"https:\/\/lamaisonduveloancelle.fr\/#\/schema\/logo\/image\/\"},\"sameAs\":[\"https:\/\/www.facebook.com\/lamaisonduveloancelle\",\"https:\/\/www.instagram.com\/lamaisonduveloancelle\/?hl=fr\",\"https:\/\/www.youtube.com\/channel\/UCH9oQZic0FxCaiKpNzt1Xvg\"]}]}<\/script>\n<!-- \/ Yoast SEO plugin. -->","yoast_head_json":{"title":"L'\u00e9quipe - La Maison du V\u00e9lo Ancelle","robots":{"index":"index","follow":"follow","max-snippet":"max-snippet:-1","max-image-preview":"max-image-preview:large","max-video-preview":"max-video-preview:-1"},"canonical":"https:\/\/lamaisonduveloancelle.fr\/?page_id=64","og_locale":"fr_FR","og_type":"article","og_title":"L'\u00e9quipe - La Maison du V\u00e9lo Ancelle","og_description":"Romain et Guillaume, deux passionn\u00e9s de v\u00e9los, vous attendent \u00e0 la Maison du V\u00e9lo d&rsquo;Ancelle. Romain FRISON \u00ab\u00a0Passionn\u00e9 de VTT depuis une quinzaine d&rsquo;ann\u00e9es, je suis devenu moniteur en 2015. Pratiquant tous les types de v\u00e9los, j&rsquo;ai \u00e9galement \u00e9volu\u00e9 en comp\u00e9titions de cross-country et d&rsquo;enduro. Apr\u00e8s quelques ann\u00e9es en Haute-Savoie, je suis tomb\u00e9 amoureux de &hellip;","og_url":"https:\/\/lamaisonduveloancelle.fr\/?page_id=64","og_site_name":"La Maison du V\u00e9lo Ancelle","article_publisher":"https:\/\/www.facebook.com\/lamaisonduveloancelle","article_modified_time":"2023-03-16T13:09:44+00:00","og_image":[{"url":"https:\/\/lamaisonduveloancelle.fr\/wp-content\/uploads\/2023\/03\/Romain-1024x682.jpg","type":"","width":"","height":""}],"twitter_card":"summary_large_image","twitter_misc":{"Dur\u00e9e de lecture estim\u00e9e":"1 minute"},"schema":{"@context":"https:\/\/schema.org","@graph":[{"@type":"WebPage","@id":"https:\/\/lamaisonduveloancelle.fr\/?page_id=64","url":"https:\/\/lamaisonduveloancelle.fr\/?page_id=64","name":"L'\u00e9quipe - La Maison du V\u00e9lo Ancelle","isPartOf":{"@id":"https:\/\/lamaisonduveloancelle.fr\/#website"},"primaryImageOfPage":{"@id":"https:\/\/lamaisonduveloancelle.fr\/?page_id=64#primaryimage"},"image":{"@id":"https:\/\/lamaisonduveloancelle.fr\/?page_id=64#primaryimage"},"thumbnailUrl":"https:\/\/lamaisonduveloancelle.fr\/wp-content\/uploads\/2023\/03\/Romain-1024x682.jpg","datePublished":"2020-12-17T14:51:40+00:00","dateModified":"2023-03-16T13:09:44+00:00","breadcrumb":{"@id":"https:\/\/lamaisonduveloancelle.fr\/?page_id=64#breadcrumb"},"inLanguage":"fr-FR","potentialAction":[{"@type":"ReadAction","target":["https:\/\/lamaisonduveloancelle.fr\/?page_id=64"]}]},{"@type":"ImageObject","inLanguage":"fr-FR","@id":"https:\/\/lamaisonduveloancelle.fr\/?page_id=64#primaryimage","url":"https:\/\/lamaisonduveloancelle.fr\/wp-content\/uploads\/2023\/03\/Romain.jpg","contentUrl":"https:\/\/lamaisonduveloancelle.fr\/wp-content\/uploads\/2023\/03\/Romain.jpg","width":2500,"height":1666},{"@type":"BreadcrumbList","@id":"https:\/\/lamaisonduveloancelle.fr\/?page_id=64#breadcrumb","itemListElement":[{"@type":"ListItem","position":1,"name":"Accueil","item":"https:\/\/lamaisonduveloancelle.fr\/"},{"@type":"ListItem","position":2,"name":"L&rsquo;\u00e9quipe"}]},{"@type":"WebSite","@id":"https:\/\/lamaisonduveloancelle.fr\/#website","url":"https:\/\/lamaisonduveloancelle.fr\/","name":"Maison du V\u00e9lo Ancelle","description":"Votre prochaine aventure \u00e0 v\u00e9lo \u00e0 Ancelle et dans le Champsaur commence ici","publisher":{"@id":"https:\/\/lamaisonduveloancelle.fr\/#organization"},"potentialAction":[{"@type":"SearchAction","target":{"@type":"EntryPoint","urlTemplate":"https:\/\/lamaisonduveloancelle.fr\/?s={search_term_string}"},"query-input":{"@type":"PropertyValueSpecification","valueRequired":true,"valueName":"search_term_string"}}],"inLanguage":"fr-FR"},{"@type":"Organization","@id":"https:\/\/lamaisonduveloancelle.fr\/#organization","name":"SARL La Maison du V\u00e9lo Ancelle","url":"https:\/\/lamaisonduveloancelle.fr\/","logo":{"@type":"ImageObject","inLanguage":"fr-FR","@id":"https:\/\/lamaisonduveloancelle.fr\/#\/schema\/logo\/image\/","url":"https:\/\/lamaisonduveloancelle.fr\/wp-content\/uploads\/2021\/05\/cropped-Logo-150x150-1.png","contentUrl":"https:\/\/lamaisonduveloancelle.fr\/wp-content\/uploads\/2021\/05\/cropped-Logo-150x150-1.png","width":157,"height":74,"caption":"SARL La Maison du V\u00e9lo Ancelle"},"image":{"@id":"https:\/\/lamaisonduveloancelle.fr\/#\/schema\/logo\/image\/"},"sameAs":["https:\/\/www.facebook.com\/lamaisonduveloancelle","https:\/\/www.instagram.com\/lamaisonduveloancelle\/?hl=fr","https:\/\/www.youtube.com\/channel\/UCH9oQZic0FxCaiKpNzt1Xvg"]}]}},"_links":{"self":[{"href":"https:\/\/lamaisonduveloancelle.fr\/index.php?rest_route=\/wp\/v2\/pages\/64","targetHints":{"allow":["GET"]}}],"collection":[{"href":"https:\/\/lamaisonduveloancelle.fr\/index.php?rest_route=\/wp\/v2\/pages"}],"about":[{"href":"https:\/\/lamaisonduveloancelle.fr\/index.php?rest_route=\/wp\/v2\/types\/page"}],"author":[{"embeddable":true,"href":"https:\/\/lamaisonduveloancelle.fr\/index.php?rest_route=\/wp\/v2\/users\/1"}],"replies":[{"embeddable":true,"href":"https:\/\/lamaisonduveloancelle.fr\/index.php?rest_route=%2Fwp%2Fv2%2Fcomments&post=64"}],"version-history":[{"count":41,"href":"https:\/\/lamaisonduveloancelle.fr\/index.php?rest_route=\/wp\/v2\/pages\/64\/revisions"}],"predecessor-version":[{"id":1523,"href":"https:\/\/lamaisonduveloancelle.fr\/index.php?rest_route=\/wp\/v2\/pages\/64\/revisions\/1523"}],"wp:attachment":[{"href":"https:\/\/lamaisonduveloancelle.fr\/index.php?rest_route=%2Fwp%2Fv2%2Fmedia&parent=64"}],"curies":[{"name":"wp","href":"https:\/\/api.w.org\/{rel}","templated":true}]}}