{"id":53,"date":"2020-12-12T12:05:52","date_gmt":"2020-12-12T11:05:52","guid":{"rendered":"http:\/\/maisonduveloancelle.fr\/?page_id=53"},"modified":"2021-05-03T16:28:59","modified_gmt":"2021-05-03T14:28:59","slug":"les-services","status":"publish","type":"page","link":"https:\/\/lamaisonduveloancelle.fr\/?page_id=53","title":{"rendered":"Les Services"},"content":{"rendered":"\t\t<div data-elementor-type=\"wp-page\" data-elementor-id=\"53\" class=\"elementor elementor-53\">\n\t\t\t\t\t\t<section class=\"elementor-section elementor-top-section elementor-element elementor-element-6e97f54 elementor-section-stretched elementor-section-boxed elementor-section-height-default elementor-section-height-default\" data-id=\"6e97f54\" data-element_type=\"section\" data-settings=\"{&quot;stretch_section&quot;:&quot;section-stretched&quot;}\">\n\t\t\t\t\t\t<div class=\"elementor-container elementor-column-gap-default\">\n\t\t\t\t\t<div class=\"elementor-column elementor-col-100 elementor-top-column elementor-element elementor-element-dd71557\" data-id=\"dd71557\" data-element_type=\"column\">\n\t\t\t<div class=\"elementor-widget-wrap elementor-element-populated\">\n\t\t\t\t\t\t<div class=\"elementor-element elementor-element-ceb0561 elementor-widget elementor-widget-image\" data-id=\"ceb0561\" data-element_type=\"widget\" data-widget_type=\"image.default\">\n\t\t\t\t<div class=\"elementor-widget-container\">\n\t\t\t\t\t\t\t\t\t\t\t\t\t\t\t<img fetchpriority=\"high\" decoding=\"async\" width=\"1536\" height=\"814\" src=\"https:\/\/lamaisonduveloancelle.fr\/wp-content\/uploads\/2021\/05\/tous-les-velos-petit-1536x814.jpg\" class=\"attachment-1536x1536 size-1536x1536 wp-image-853\" alt=\"\" srcset=\"https:\/\/lamaisonduveloancelle.fr\/wp-content\/uploads\/2021\/05\/tous-les-velos-petit-1536x814.jpg 1536w, https:\/\/lamaisonduveloancelle.fr\/wp-content\/uploads\/2021\/05\/tous-les-velos-petit-600x318.jpg 600w, https:\/\/lamaisonduveloancelle.fr\/wp-content\/uploads\/2021\/05\/tous-les-velos-petit-300x159.jpg 300w, https:\/\/lamaisonduveloancelle.fr\/wp-content\/uploads\/2021\/05\/tous-les-velos-petit-1024x543.jpg 1024w, https:\/\/lamaisonduveloancelle.fr\/wp-content\/uploads\/2021\/05\/tous-les-velos-petit-768x407.jpg 768w, https:\/\/lamaisonduveloancelle.fr\/wp-content\/uploads\/2021\/05\/tous-les-velos-petit-113x60.jpg 113w, https:\/\/lamaisonduveloancelle.fr\/wp-content\/uploads\/2021\/05\/tous-les-velos-petit.jpg 1950w\" sizes=\"(max-width: 1536px) 100vw, 1536px\" \/>\t\t\t\t\t\t\t\t\t\t\t\t\t\t\t<\/div>\n\t\t\t\t<\/div>\n\t\t\t\t<div class=\"elementor-element elementor-element-c0a2857 elementor-widget elementor-widget-text-editor\" data-id=\"c0a2857\" data-element_type=\"widget\" data-widget_type=\"text-editor.default\">\n\t\t\t\t<div class=\"elementor-widget-container\">\n\t\t\t\t\t\t\t\t\t<p>Une \u00e9quipe de professionels pour un large choix de services. Passionn\u00e9s de v\u00e9los sous toute ses formes, nous vous conseillerons au mieux dans votre choix.<\/p>\t\t\t\t\t\t\t\t<\/div>\n\t\t\t\t<\/div>\n\t\t\t\t<section class=\"elementor-section elementor-inner-section elementor-element elementor-element-6a335bb animated-slow elementor-section-boxed elementor-section-height-default elementor-section-height-default elementor-invisible\" data-id=\"6a335bb\" data-element_type=\"section\" data-settings=\"{&quot;animation&quot;:&quot;slideInLeft&quot;}\">\n\t\t\t\t\t\t<div class=\"elementor-container elementor-column-gap-default\">\n\t\t\t\t\t<div class=\"elementor-column elementor-col-25 elementor-inner-column elementor-element elementor-element-d1eebec\" data-id=\"d1eebec\" data-element_type=\"column\">\n\t\t\t<div class=\"elementor-widget-wrap elementor-element-populated\">\n\t\t\t\t\t\t<div class=\"elementor-element elementor-element-2fc808e elementor-widget elementor-widget-text-editor\" data-id=\"2fc808e\" data-element_type=\"widget\" data-widget_type=\"text-editor.default\">\n\t\t\t\t<div class=\"elementor-widget-container\">\n\t\t\t\t\t\t\t\t\t<p><a href=\"http:\/\/maisonduveloancelle.fr\/?page_id=66\"><strong>Location<\/strong><\/a><\/p>\t\t\t\t\t\t\t\t<\/div>\n\t\t\t\t<\/div>\n\t\t\t\t<div class=\"elementor-element elementor-element-28d9ad7 elementor-widget elementor-widget-image\" data-id=\"28d9ad7\" data-element_type=\"widget\" data-widget_type=\"image.default\">\n\t\t\t\t<div class=\"elementor-widget-container\">\n\t\t\t\t\t\t\t\t\t\t\t\t\t\t\t\t<a href=\"http:\/\/maisonduveloancelle.fr\/?page_id=66\">\n\t\t\t\t\t\t\t<img decoding=\"async\" width=\"150\" height=\"150\" src=\"https:\/\/lamaisonduveloancelle.fr\/wp-content\/uploads\/2021\/03\/Velo-150x150.png\" class=\"attachment-thumbnail size-thumbnail wp-image-457\" alt=\"\" srcset=\"https:\/\/lamaisonduveloancelle.fr\/wp-content\/uploads\/2021\/03\/Velo-150x150.png 150w, https:\/\/lamaisonduveloancelle.fr\/wp-content\/uploads\/2021\/03\/Velo-300x300.png 300w, https:\/\/lamaisonduveloancelle.fr\/wp-content\/uploads\/2021\/03\/Velo-100x100.png 100w, https:\/\/lamaisonduveloancelle.fr\/wp-content\/uploads\/2021\/03\/Velo-370x370.png 370w, https:\/\/lamaisonduveloancelle.fr\/wp-content\/uploads\/2021\/03\/Velo-60x60.png 60w, https:\/\/lamaisonduveloancelle.fr\/wp-content\/uploads\/2021\/03\/Velo.png 500w\" sizes=\"(max-width: 150px) 100vw, 150px\" \/>\t\t\t\t\t\t\t\t<\/a>\n\t\t\t\t\t\t\t\t\t\t\t\t\t\t\t<\/div>\n\t\t\t\t<\/div>\n\t\t\t\t\t<\/div>\n\t\t<\/div>\n\t\t\t\t<div class=\"elementor-column elementor-col-25 elementor-inner-column elementor-element elementor-element-73c44f9\" data-id=\"73c44f9\" data-element_type=\"column\">\n\t\t\t<div class=\"elementor-widget-wrap elementor-element-populated\">\n\t\t\t\t\t\t<div class=\"elementor-element elementor-element-d0139b3 elementor-widget elementor-widget-text-editor\" data-id=\"d0139b3\" data-element_type=\"widget\" data-widget_type=\"text-editor.default\">\n\t\t\t\t<div class=\"elementor-widget-container\">\n\t\t\t\t\t\t\t\t\t<p><a href=\"http:\/\/maisonduveloancelle.fr\/?page_id=68\"><strong>R\u00e9paration<\/strong><\/a><\/p>\t\t\t\t\t\t\t\t<\/div>\n\t\t\t\t<\/div>\n\t\t\t\t<div class=\"elementor-element elementor-element-05e6928 elementor-widget elementor-widget-image\" data-id=\"05e6928\" data-element_type=\"widget\" data-widget_type=\"image.default\">\n\t\t\t\t<div class=\"elementor-widget-container\">\n\t\t\t\t\t\t\t\t\t\t\t\t\t\t\t<img decoding=\"async\" width=\"150\" height=\"150\" src=\"https:\/\/lamaisonduveloancelle.fr\/wp-content\/uploads\/2021\/03\/Outils-150x150.png\" class=\"attachment-thumbnail size-thumbnail wp-image-460\" alt=\"\" srcset=\"https:\/\/lamaisonduveloancelle.fr\/wp-content\/uploads\/2021\/03\/Outils-150x150.png 150w, https:\/\/lamaisonduveloancelle.fr\/wp-content\/uploads\/2021\/03\/Outils-300x300.png 300w, https:\/\/lamaisonduveloancelle.fr\/wp-content\/uploads\/2021\/03\/Outils-100x100.png 100w, https:\/\/lamaisonduveloancelle.fr\/wp-content\/uploads\/2021\/03\/Outils-370x370.png 370w, https:\/\/lamaisonduveloancelle.fr\/wp-content\/uploads\/2021\/03\/Outils-60x60.png 60w, https:\/\/lamaisonduveloancelle.fr\/wp-content\/uploads\/2021\/03\/Outils.png 500w\" sizes=\"(max-width: 150px) 100vw, 150px\" \/>\t\t\t\t\t\t\t\t\t\t\t\t\t\t\t<\/div>\n\t\t\t\t<\/div>\n\t\t\t\t\t<\/div>\n\t\t<\/div>\n\t\t\t\t<div class=\"elementor-column elementor-col-25 elementor-inner-column elementor-element elementor-element-aa2ae01\" data-id=\"aa2ae01\" data-element_type=\"column\">\n\t\t\t<div class=\"elementor-widget-wrap elementor-element-populated\">\n\t\t\t\t\t\t<div class=\"elementor-element elementor-element-4088497 elementor-widget elementor-widget-text-editor\" data-id=\"4088497\" data-element_type=\"widget\" data-widget_type=\"text-editor.default\">\n\t\t\t\t<div class=\"elementor-widget-container\">\n\t\t\t\t\t\t\t\t\t<p><a href=\"http:\/\/maisonduveloancelle.fr\/?page_id=70\"><strong>Sorties accompagn\u00e9es<\/strong><\/a><\/p>\t\t\t\t\t\t\t\t<\/div>\n\t\t\t\t<\/div>\n\t\t\t\t<div class=\"elementor-element elementor-element-2190046 elementor-widget elementor-widget-image\" data-id=\"2190046\" data-element_type=\"widget\" data-widget_type=\"image.default\">\n\t\t\t\t<div class=\"elementor-widget-container\">\n\t\t\t\t\t\t\t\t\t\t\t\t\t\t\t<img decoding=\"async\" src=\"http:\/\/maisonduveloancelle.fr\/wp-content\/uploads\/2021\/03\/Sorties-accompagnees.png\" title=\"\" alt=\"\" loading=\"lazy\" \/>\t\t\t\t\t\t\t\t\t\t\t\t\t\t\t<\/div>\n\t\t\t\t<\/div>\n\t\t\t\t\t<\/div>\n\t\t<\/div>\n\t\t\t\t<div class=\"elementor-column elementor-col-25 elementor-inner-column elementor-element elementor-element-d612ebf\" data-id=\"d612ebf\" data-element_type=\"column\">\n\t\t\t<div class=\"elementor-widget-wrap elementor-element-populated\">\n\t\t\t\t\t\t<div class=\"elementor-element elementor-element-a9d8cad elementor-widget elementor-widget-text-editor\" data-id=\"a9d8cad\" data-element_type=\"widget\" data-widget_type=\"text-editor.default\">\n\t\t\t\t<div class=\"elementor-widget-container\">\n\t\t\t\t\t\t\t\t\t<p><a href=\"http:\/\/maisonduveloancelle.fr\/?page_id=118\"><strong>Vente<\/strong><\/a><\/p>\t\t\t\t\t\t\t\t<\/div>\n\t\t\t\t<\/div>\n\t\t\t\t<div class=\"elementor-element elementor-element-19eb10c elementor-widget elementor-widget-image\" data-id=\"19eb10c\" data-element_type=\"widget\" data-widget_type=\"image.default\">\n\t\t\t\t<div class=\"elementor-widget-container\">\n\t\t\t\t\t\t\t\t\t\t\t\t\t\t\t<img loading=\"lazy\" decoding=\"async\" width=\"150\" height=\"150\" src=\"https:\/\/lamaisonduveloancelle.fr\/wp-content\/uploads\/2021\/03\/Vente-150x150.png\" class=\"attachment-thumbnail size-thumbnail wp-image-494\" alt=\"\" srcset=\"https:\/\/lamaisonduveloancelle.fr\/wp-content\/uploads\/2021\/03\/Vente-150x150.png 150w, https:\/\/lamaisonduveloancelle.fr\/wp-content\/uploads\/2021\/03\/Vente-300x300.png 300w, https:\/\/lamaisonduveloancelle.fr\/wp-content\/uploads\/2021\/03\/Vente-100x100.png 100w, https:\/\/lamaisonduveloancelle.fr\/wp-content\/uploads\/2021\/03\/Vente-370x370.png 370w, https:\/\/lamaisonduveloancelle.fr\/wp-content\/uploads\/2021\/03\/Vente-60x60.png 60w, https:\/\/lamaisonduveloancelle.fr\/wp-content\/uploads\/2021\/03\/Vente.png 500w\" sizes=\"(max-width: 150px) 100vw, 150px\" \/>\t\t\t\t\t\t\t\t\t\t\t\t\t\t\t<\/div>\n\t\t\t\t<\/div>\n\t\t\t\t\t<\/div>\n\t\t<\/div>\n\t\t\t\t\t<\/div>\n\t\t<\/section>\n\t\t\t\t\t<\/div>\n\t\t<\/div>\n\t\t\t\t\t<\/div>\n\t\t<\/section>\n\t\t\t\t<\/div>\n\t\t","protected":false},"excerpt":{"rendered":"<p>Une \u00e9quipe de professionels pour un large choix de services. Passionn\u00e9s de v\u00e9los sous toute ses formes, nous vous conseillerons au mieux dans votre choix. Location R\u00e9paration Sorties accompagn\u00e9es Vente<\/p>\n","protected":false},"author":1,"featured_media":0,"parent":0,"menu_order":0,"comment_status":"closed","ping_status":"closed","template":"","meta":{"_monsterinsights_skip_tracking":false,"_monsterinsights_sitenote_active":false,"_monsterinsights_sitenote_note":"","_monsterinsights_sitenote_category":0,"_uf_show_specific_survey":0,"_uf_disable_surveys":false,"footnotes":""},"class_list":["post-53","page","type-page","status-publish","hentry"],"yoast_head":"<!-- This site is optimized with the Yoast SEO plugin v26.8 - https:\/\/yoast.com\/product\/yoast-seo-wordpress\/ -->\n<title>Les Services - La Maison du V\u00e9lo Ancelle<\/title>\n<meta name=\"robots\" content=\"index, follow, max-snippet:-1, max-image-preview:large, max-video-preview:-1\" \/>\n<link rel=\"canonical\" href=\"https:\/\/lamaisonduveloancelle.fr\/?page_id=53\" \/>\n<meta property=\"og:locale\" content=\"fr_FR\" \/>\n<meta property=\"og:type\" content=\"article\" \/>\n<meta property=\"og:title\" content=\"Les Services - La Maison du V\u00e9lo Ancelle\" \/>\n<meta property=\"og:description\" content=\"Une \u00e9quipe de professionels pour un large choix de services. Passionn\u00e9s de v\u00e9los sous toute ses formes, nous vous conseillerons au mieux dans votre choix. Location R\u00e9paration Sorties accompagn\u00e9es Vente\" \/>\n<meta property=\"og:url\" content=\"https:\/\/lamaisonduveloancelle.fr\/?page_id=53\" \/>\n<meta property=\"og:site_name\" content=\"La Maison du V\u00e9lo Ancelle\" \/>\n<meta property=\"article:publisher\" content=\"https:\/\/www.facebook.com\/lamaisonduveloancelle\" \/>\n<meta property=\"article:modified_time\" content=\"2021-05-03T14:28:59+00:00\" \/>\n<meta property=\"og:image\" content=\"https:\/\/maisonduveloancelle.fr\/wp-content\/uploads\/2021\/05\/tous-les-velos-petit-1536x814.jpg\" \/>\n<meta name=\"twitter:card\" content=\"summary_large_image\" \/>\n<meta name=\"twitter:label1\" content=\"Dur\u00e9e de lecture estim\u00e9e\" \/>\n\t<meta name=\"twitter:data1\" content=\"2 minutes\" \/>\n<script type=\"application\/ld+json\" class=\"yoast-schema-graph\">{\"@context\":\"https:\/\/schema.org\",\"@graph\":[{\"@type\":\"WebPage\",\"@id\":\"https:\/\/lamaisonduveloancelle.fr\/?page_id=53\",\"url\":\"https:\/\/lamaisonduveloancelle.fr\/?page_id=53\",\"name\":\"Les Services - La Maison du V\u00e9lo Ancelle\",\"isPartOf\":{\"@id\":\"https:\/\/lamaisonduveloancelle.fr\/#website\"},\"primaryImageOfPage\":{\"@id\":\"https:\/\/lamaisonduveloancelle.fr\/?page_id=53#primaryimage\"},\"image\":{\"@id\":\"https:\/\/lamaisonduveloancelle.fr\/?page_id=53#primaryimage\"},\"thumbnailUrl\":\"https:\/\/maisonduveloancelle.fr\/wp-content\/uploads\/2021\/05\/tous-les-velos-petit-1536x814.jpg\",\"datePublished\":\"2020-12-12T11:05:52+00:00\",\"dateModified\":\"2021-05-03T14:28:59+00:00\",\"breadcrumb\":{\"@id\":\"https:\/\/lamaisonduveloancelle.fr\/?page_id=53#breadcrumb\"},\"inLanguage\":\"fr-FR\",\"potentialAction\":[{\"@type\":\"ReadAction\",\"target\":[\"https:\/\/lamaisonduveloancelle.fr\/?page_id=53\"]}]},{\"@type\":\"ImageObject\",\"inLanguage\":\"fr-FR\",\"@id\":\"https:\/\/lamaisonduveloancelle.fr\/?page_id=53#primaryimage\",\"url\":\"https:\/\/maisonduveloancelle.fr\/wp-content\/uploads\/2021\/05\/tous-les-velos-petit-1536x814.jpg\",\"contentUrl\":\"https:\/\/maisonduveloancelle.fr\/wp-content\/uploads\/2021\/05\/tous-les-velos-petit-1536x814.jpg\"},{\"@type\":\"BreadcrumbList\",\"@id\":\"https:\/\/lamaisonduveloancelle.fr\/?page_id=53#breadcrumb\",\"itemListElement\":[{\"@type\":\"ListItem\",\"position\":1,\"name\":\"Accueil\",\"item\":\"https:\/\/lamaisonduveloancelle.fr\/\"},{\"@type\":\"ListItem\",\"position\":2,\"name\":\"Les Services\"}]},{\"@type\":\"WebSite\",\"@id\":\"https:\/\/lamaisonduveloancelle.fr\/#website\",\"url\":\"https:\/\/lamaisonduveloancelle.fr\/\",\"name\":\"Maison du V\u00e9lo Ancelle\",\"description\":\"Votre prochaine aventure \u00e0 v\u00e9lo \u00e0 Ancelle et dans le Champsaur commence ici\",\"publisher\":{\"@id\":\"https:\/\/lamaisonduveloancelle.fr\/#organization\"},\"potentialAction\":[{\"@type\":\"SearchAction\",\"target\":{\"@type\":\"EntryPoint\",\"urlTemplate\":\"https:\/\/lamaisonduveloancelle.fr\/?s={search_term_string}\"},\"query-input\":{\"@type\":\"PropertyValueSpecification\",\"valueRequired\":true,\"valueName\":\"search_term_string\"}}],\"inLanguage\":\"fr-FR\"},{\"@type\":\"Organization\",\"@id\":\"https:\/\/lamaisonduveloancelle.fr\/#organization\",\"name\":\"SARL La Maison du V\u00e9lo Ancelle\",\"url\":\"https:\/\/lamaisonduveloancelle.fr\/\",\"logo\":{\"@type\":\"ImageObject\",\"inLanguage\":\"fr-FR\",\"@id\":\"https:\/\/lamaisonduveloancelle.fr\/#\/schema\/logo\/image\/\",\"url\":\"https:\/\/lamaisonduveloancelle.fr\/wp-content\/uploads\/2021\/05\/cropped-Logo-150x150-1.png\",\"contentUrl\":\"https:\/\/lamaisonduveloancelle.fr\/wp-content\/uploads\/2021\/05\/cropped-Logo-150x150-1.png\",\"width\":157,\"height\":74,\"caption\":\"SARL La Maison du V\u00e9lo Ancelle\"},\"image\":{\"@id\":\"https:\/\/lamaisonduveloancelle.fr\/#\/schema\/logo\/image\/\"},\"sameAs\":[\"https:\/\/www.facebook.com\/lamaisonduveloancelle\",\"https:\/\/www.instagram.com\/lamaisonduveloancelle\/?hl=fr\",\"https:\/\/www.youtube.com\/channel\/UCH9oQZic0FxCaiKpNzt1Xvg\"]}]}<\/script>\n<!-- \/ Yoast SEO plugin. -->","yoast_head_json":{"title":"Les Services - La Maison du V\u00e9lo Ancelle","robots":{"index":"index","follow":"follow","max-snippet":"max-snippet:-1","max-image-preview":"max-image-preview:large","max-video-preview":"max-video-preview:-1"},"canonical":"https:\/\/lamaisonduveloancelle.fr\/?page_id=53","og_locale":"fr_FR","og_type":"article","og_title":"Les Services - La Maison du V\u00e9lo Ancelle","og_description":"Une \u00e9quipe de professionels pour un large choix de services. Passionn\u00e9s de v\u00e9los sous toute ses formes, nous vous conseillerons au mieux dans votre choix. Location R\u00e9paration Sorties accompagn\u00e9es Vente","og_url":"https:\/\/lamaisonduveloancelle.fr\/?page_id=53","og_site_name":"La Maison du V\u00e9lo Ancelle","article_publisher":"https:\/\/www.facebook.com\/lamaisonduveloancelle","article_modified_time":"2021-05-03T14:28:59+00:00","og_image":[{"url":"https:\/\/maisonduveloancelle.fr\/wp-content\/uploads\/2021\/05\/tous-les-velos-petit-1536x814.jpg","type":"","width":"","height":""}],"twitter_card":"summary_large_image","twitter_misc":{"Dur\u00e9e de lecture estim\u00e9e":"2 minutes"},"schema":{"@context":"https:\/\/schema.org","@graph":[{"@type":"WebPage","@id":"https:\/\/lamaisonduveloancelle.fr\/?page_id=53","url":"https:\/\/lamaisonduveloancelle.fr\/?page_id=53","name":"Les Services - La Maison du V\u00e9lo Ancelle","isPartOf":{"@id":"https:\/\/lamaisonduveloancelle.fr\/#website"},"primaryImageOfPage":{"@id":"https:\/\/lamaisonduveloancelle.fr\/?page_id=53#primaryimage"},"image":{"@id":"https:\/\/lamaisonduveloancelle.fr\/?page_id=53#primaryimage"},"thumbnailUrl":"https:\/\/maisonduveloancelle.fr\/wp-content\/uploads\/2021\/05\/tous-les-velos-petit-1536x814.jpg","datePublished":"2020-12-12T11:05:52+00:00","dateModified":"2021-05-03T14:28:59+00:00","breadcrumb":{"@id":"https:\/\/lamaisonduveloancelle.fr\/?page_id=53#breadcrumb"},"inLanguage":"fr-FR","potentialAction":[{"@type":"ReadAction","target":["https:\/\/lamaisonduveloancelle.fr\/?page_id=53"]}]},{"@type":"ImageObject","inLanguage":"fr-FR","@id":"https:\/\/lamaisonduveloancelle.fr\/?page_id=53#primaryimage","url":"https:\/\/maisonduveloancelle.fr\/wp-content\/uploads\/2021\/05\/tous-les-velos-petit-1536x814.jpg","contentUrl":"https:\/\/maisonduveloancelle.fr\/wp-content\/uploads\/2021\/05\/tous-les-velos-petit-1536x814.jpg"},{"@type":"BreadcrumbList","@id":"https:\/\/lamaisonduveloancelle.fr\/?page_id=53#breadcrumb","itemListElement":[{"@type":"ListItem","position":1,"name":"Accueil","item":"https:\/\/lamaisonduveloancelle.fr\/"},{"@type":"ListItem","position":2,"name":"Les Services"}]},{"@type":"WebSite","@id":"https:\/\/lamaisonduveloancelle.fr\/#website","url":"https:\/\/lamaisonduveloancelle.fr\/","name":"Maison du V\u00e9lo Ancelle","description":"Votre prochaine aventure \u00e0 v\u00e9lo \u00e0 Ancelle et dans le Champsaur commence ici","publisher":{"@id":"https:\/\/lamaisonduveloancelle.fr\/#organization"},"potentialAction":[{"@type":"SearchAction","target":{"@type":"EntryPoint","urlTemplate":"https:\/\/lamaisonduveloancelle.fr\/?s={search_term_string}"},"query-input":{"@type":"PropertyValueSpecification","valueRequired":true,"valueName":"search_term_string"}}],"inLanguage":"fr-FR"},{"@type":"Organization","@id":"https:\/\/lamaisonduveloancelle.fr\/#organization","name":"SARL La Maison du V\u00e9lo Ancelle","url":"https:\/\/lamaisonduveloancelle.fr\/","logo":{"@type":"ImageObject","inLanguage":"fr-FR","@id":"https:\/\/lamaisonduveloancelle.fr\/#\/schema\/logo\/image\/","url":"https:\/\/lamaisonduveloancelle.fr\/wp-content\/uploads\/2021\/05\/cropped-Logo-150x150-1.png","contentUrl":"https:\/\/lamaisonduveloancelle.fr\/wp-content\/uploads\/2021\/05\/cropped-Logo-150x150-1.png","width":157,"height":74,"caption":"SARL La Maison du V\u00e9lo Ancelle"},"image":{"@id":"https:\/\/lamaisonduveloancelle.fr\/#\/schema\/logo\/image\/"},"sameAs":["https:\/\/www.facebook.com\/lamaisonduveloancelle","https:\/\/www.instagram.com\/lamaisonduveloancelle\/?hl=fr","https:\/\/www.youtube.com\/channel\/UCH9oQZic0FxCaiKpNzt1Xvg"]}]}},"_links":{"self":[{"href":"https:\/\/lamaisonduveloancelle.fr\/index.php?rest_route=\/wp\/v2\/pages\/53","targetHints":{"allow":["GET"]}}],"collection":[{"href":"https:\/\/lamaisonduveloancelle.fr\/index.php?rest_route=\/wp\/v2\/pages"}],"about":[{"href":"https:\/\/lamaisonduveloancelle.fr\/index.php?rest_route=\/wp\/v2\/types\/page"}],"author":[{"embeddable":true,"href":"https:\/\/lamaisonduveloancelle.fr\/index.php?rest_route=\/wp\/v2\/users\/1"}],"replies":[{"embeddable":true,"href":"https:\/\/lamaisonduveloancelle.fr\/index.php?rest_route=%2Fwp%2Fv2%2Fcomments&post=53"}],"version-history":[{"count":40,"href":"https:\/\/lamaisonduveloancelle.fr\/index.php?rest_route=\/wp\/v2\/pages\/53\/revisions"}],"predecessor-version":[{"id":856,"href":"https:\/\/lamaisonduveloancelle.fr\/index.php?rest_route=\/wp\/v2\/pages\/53\/revisions\/856"}],"wp:attachment":[{"href":"https:\/\/lamaisonduveloancelle.fr\/index.php?rest_route=%2Fwp%2Fv2%2Fmedia&parent=53"}],"curies":[{"name":"wp","href":"https:\/\/api.w.org\/{rel}","templated":true}]}}